{"id":159,"date":"2025-10-27T11:31:01","date_gmt":"2025-10-27T11:31:01","guid":{"rendered":"https:\/\/giraot2025.com\/?page_id=159"},"modified":"2025-10-27T12:22:08","modified_gmt":"2025-10-27T12:22:08","slug":"politica-de-cookies","status":"publish","type":"page","link":"https:\/\/giraot2025.com\/index.php\/politica-de-cookies\/","title":{"rendered":"Pol\u00edtica de Cookies"},"content":{"rendered":"\t\t<div data-elementor-type=\"wp-page\" data-elementor-id=\"159\" class=\"elementor elementor-159\" data-elementor-post-type=\"page\">\n\t\t\t\t<div class=\"elementor-element elementor-element-49c7866 e-flex e-con-boxed e-con e-parent\" data-id=\"49c7866\" data-element_type=\"container\" data-settings=\"{&quot;background_background&quot;:&quot;classic&quot;}\">\n\t\t\t\t\t<div class=\"e-con-inner\">\n\t\t\t\t<div class=\"elementor-element elementor-element-295a277 elementor-widget__width-initial elementor-widget elementor-widget-image\" data-id=\"295a277\" data-element_type=\"widget\" data-widget_type=\"image.default\">\n\t\t\t\t\t\t\t\t\t\t\t\t\t\t\t\t<a href=\"https:\/\/giraot2025.com\">\n\t\t\t\t\t\t\t<img fetchpriority=\"high\" decoding=\"async\" width=\"735\" height=\"790\" src=\"https:\/\/giraot2025.com\/wp-content\/uploads\/2025\/10\/Logo-OT-2025-1.png\" class=\"attachment-large size-large wp-image-31\" alt=\"\" srcset=\"https:\/\/giraot2025.com\/wp-content\/uploads\/2025\/10\/Logo-OT-2025-1.png 735w, https:\/\/giraot2025.com\/wp-content\/uploads\/2025\/10\/Logo-OT-2025-1-279x300.png 279w\" sizes=\"(max-width: 735px) 100vw, 735px\" \/>\t\t\t\t\t\t\t\t<\/a>\n\t\t\t\t\t\t\t\t\t\t\t\t\t\t\t<\/div>\n\t\t\t\t<div class=\"elementor-element elementor-element-57350f9 elementor-widget elementor-widget-heading\" data-id=\"57350f9\" data-element_type=\"widget\" data-widget_type=\"heading.default\">\n\t\t\t\t\t<h1 class=\"elementor-heading-title elementor-size-default\">Pol\u00edtica de Cookies<\/h1>\t\t\t\t<\/div>\n\t\t\t\t<div class=\"elementor-element elementor-element-abfa9be elementor-widget__width-initial elementor-widget-mobile__width-initial elementor-widget elementor-widget-text-editor\" data-id=\"abfa9be\" data-element_type=\"widget\" data-widget_type=\"text-editor.default\">\n\t\t\t\t\t\t\t\t\t<p data-start=\"240\" data-end=\"519\"><strong data-start=\"240\" data-end=\"269\">Responsable del sitio web<\/strong><br data-start=\"269\" data-end=\"272\">El sitio web <strong data-start=\"285\" data-end=\"303\">giraot2025.com<\/strong> (en adelante \u201cel Sitio Web\u201d) es titularidad de <strong data-start=\"351\" data-end=\"368\">Proactiv S.L.<\/strong>, con CIF B59343673 y domicilio social en Carrer Aribau 170, 08036 Barcelona (Espa\u00f1a). Correo electr\u00f3nico: <a class=\"decorated-link cursor-pointer\" rel=\"noopener\" data-start=\"475\" data-end=\"495\">entradas@proactiv.es<\/a>. Tel\u00e9fono: 933 184 969.<\/p>\n<p data-start=\"240\" data-end=\"519\"><br><\/p>\n<p data-start=\"521\" data-end=\"542\"><strong>1. Introducci\u00f3n<\/strong><\/p>\n<p data-start=\"543\" data-end=\"974\">Conforme a lo dispuesto en el art\u00edculo 22.2 de la Ley 34\/2002, de 11 de julio, de Servicios de la Sociedad de la Informaci\u00f3n y del Comercio Electr\u00f3nico (LSSI-CE), Proactiv S.L. informa que el Sitio Web utiliza cookies y\/o tecnolog\u00edas similares que almacenan y recuperan informaci\u00f3n cuando navegas. Las cookies permiten reconocer al usuario, almacenar sus h\u00e1bitos de navegaci\u00f3n o equipo, y facilitar el funcionamiento del Sitio Web.<\/p>\n<p data-start=\"543\" data-end=\"974\"><br><\/p>\n<p data-start=\"976\" data-end=\"1006\"><strong>2. \u00bfQu\u00e9 son las cookies?<\/strong><\/p>\n<p data-start=\"1007\" data-end=\"1361\">Una cookie es un peque\u00f1o archivo que se descarga en el dispositivo del usuario al acceder a determinadas p\u00e1ginas web. La informaci\u00f3n almacenada puede ser devuelta a nuestros servidores o a los servidores de terceros apropiados durante una visita posterior, lo que permite al Sitio Web reconocer el equipo del usuario y mejorar la prestaci\u00f3n del servicio.<\/p>\n<p data-start=\"1007\" data-end=\"1361\"><br><\/p>\n<p data-start=\"1363\" data-end=\"1393\"><strong>3. \u00bfQu\u00e9 son los scripts?<\/strong><\/p>\n<p data-start=\"1394\" data-end=\"1587\">Un script es un fragmento de c\u00f3digo de programa que se utiliza para que el Sitio Web funcione correctamente de forma interactiva. Este c\u00f3digo se ejecuta en nuestro servidor o en su dispositivo.<\/p>\n<p data-start=\"1394\" data-end=\"1587\"><br><\/p>\n<p data-start=\"1589\" data-end=\"1620\"><strong>4. \u00bfQu\u00e9 es un web-beacon?<\/strong><\/p>\n<p data-start=\"1621\" data-end=\"1878\">Una baliza web (o etiqueta de p\u00edxel) es una peque\u00f1a e invisible pieza de texto o imagen en una p\u00e1gina web que se utiliza para monitorizar el tr\u00e1fico en la misma. Mediante estas balizas se pueden almacenar varios datos sobre el usuario durante su navegaci\u00f3n.<\/p>\n<p data-start=\"1621\" data-end=\"1878\"><br><\/p>\n<p data-start=\"1880\" data-end=\"1907\"><strong>5. Cookies utilizadas<\/strong><\/p>\n<p data-start=\"1908\" data-end=\"2159\"><strong data-start=\"1908\" data-end=\"1946\">5.1 Cookies t\u00e9cnicas o funcionales<\/strong><br data-start=\"1946\" data-end=\"1949\">Algunas cookies aseguran que ciertas partes del Sitio Web funcionen correctamente y que tus preferencias de usuario se mantengan. Estas cookies pueden ser colocadas sin necesidad del consentimiento del usuario.<\/p>\n<p data-start=\"2161\" data-end=\"2403\"><strong data-start=\"2161\" data-end=\"2201\"><br><\/strong><\/p>\n<p data-start=\"2161\" data-end=\"2403\"><strong data-start=\"2161\" data-end=\"2201\">5.2 Cookies de marketing\/seguimiento<\/strong><br data-start=\"2201\" data-end=\"2204\">Son aquellas utilizadas para crear perfiles de usuario con el fin de mostrar publicidad o para realizar el seguimiento del usuario en este Sitio Web o en varias webs con fines de marketing similares.<\/p>\n<p data-start=\"2405\" data-end=\"2804\"><strong data-start=\"2405\" data-end=\"2427\"><br><\/strong><\/p>\n<p data-start=\"2405\" data-end=\"2804\"><strong data-start=\"2405\" data-end=\"2427\">5.3 Redes sociales<\/strong><br data-start=\"2427\" data-end=\"2430\">El Sitio Web puede incorporar contenido de redes sociales (Tiktok, Facebook, Instagram, X, LinkedIn\u2026) mediante c\u00f3digo incrustado. Este contenido puede guardar cookies, y dichas redes sociales pueden procesar informaci\u00f3n para anuncios personalizados. Se recomienda al usuario consultar las pol\u00edticas de privacidad de dichas redes: por ejemplo Facebook, Instagram, X y TikTok.<\/p>\n<p data-start=\"2806\" data-end=\"2845\"><strong><br><\/strong><\/p>\n<p data-start=\"2806\" data-end=\"2845\"><strong>6. \u00bfQu\u00e9 cookies concretas usamos?<\/strong><\/p>\n<p data-start=\"2846\" data-end=\"3065\">Podemos usar cookies propietarias y de terceros con funciones t\u00e9cnicas, de personalizaci\u00f3n, anal\u00edticas o de marketing. La lista espec\u00edfica de cookies puede variar dependiendo de los servicios integrados en el Sitio Web.<\/p>\n<p data-start=\"3067\" data-end=\"3090\"><strong><br><\/strong><\/p>\n<p data-start=\"3067\" data-end=\"3090\"><strong>7. Consentimiento<\/strong><\/p>\n<p data-start=\"3091\" data-end=\"3500\">Cuando accedas por primera vez al Sitio Web, aparecer\u00e1 un aviso de cookies con explicaci\u00f3n sobre las mismas. Si haces clic en \u201cAceptar\u201d o contin\u00faas navegando por el Sitio Web tras esa informaci\u00f3n, consientes la instalaci\u00f3n de las cookies en tu dispositivo.<br data-start=\"3347\" data-end=\"3350\">Puedes desactivar el uso de cookies a trav\u00e9s de la configuraci\u00f3n de tu navegador, aunque esto podr\u00eda afectar al correcto funcionamiento del Sitio Web.<\/p>\n<p data-start=\"3502\" data-end=\"3560\"><strong><br><\/strong><\/p>\n<p data-start=\"3502\" data-end=\"3560\"><strong>8. Activaci\u00f3n\/desactivaci\u00f3n y eliminaci\u00f3n de cookies<\/strong><\/p>\n<p data-start=\"3561\" data-end=\"3999\">Puedes utilizar tu navegador para eliminar cookies de forma autom\u00e1tica o manual, o para evitar que ciertas cookies se instalen. Tambi\u00e9n puedes especificar que el navegador te avise cada vez que un servidor quiera guardar una cookie.<br data-start=\"3793\" data-end=\"3796\">Ten en cuenta que desactivar todas las cookies puede impedir que el Sitio Web funcione correctamente. Si borras las cookies, volver\u00e1n a instalarse cuando accedas de nuevo al Sitio Web y aceptes de nuevo.<\/p>\n<p data-start=\"4001\" data-end=\"4058\"><strong><br><\/strong><\/p>\n<p data-start=\"4001\" data-end=\"4058\"><strong>9. Tus derechos con respecto a los datos personales<\/strong><\/p>\n<p data-start=\"4059\" data-end=\"4078\">Tienes derecho a:<\/p>\n<ul data-start=\"4079\" data-end=\"4803\">\n<li data-start=\"4079\" data-end=\"4170\">\n<p data-start=\"4081\" data-end=\"4170\">Saber por qu\u00e9 se necesitan tus datos, qu\u00e9 uso se les da y cu\u00e1nto tiempo se conservar\u00e1n.<\/p>\n<\/li>\n<li data-start=\"4171\" data-end=\"4220\">\n<p data-start=\"4173\" data-end=\"4220\">Acceder a tus datos personales que conocemos.<\/p>\n<\/li>\n<li data-start=\"4221\" data-end=\"4326\">\n<p data-start=\"4223\" data-end=\"4326\">Solicitar la rectificaci\u00f3n, supresi\u00f3n o bloqueo de tus datos cuando resulten inexactos o incompletos.<\/p>\n<\/li>\n<li data-start=\"4327\" data-end=\"4451\">\n<p data-start=\"4329\" data-end=\"4451\">Cuando nos hayas dado tu consentimiento para procesar tus datos: revocar dicho consentimiento o oponerte al tratamiento.<\/p>\n<\/li>\n<li data-start=\"4452\" data-end=\"4803\">\n<p data-start=\"4454\" data-end=\"4803\">En su caso, solicitar la portabilidad de tus datos a otro responsable del tratamiento.<br data-start=\"4540\" data-end=\"4543\">Para ejercer tus derechos, puedes contactar con Proactiv S.L. en <a class=\"decorated-link cursor-pointer\" rel=\"noopener\" data-start=\"4608\" data-end=\"4628\">entradas@proactiv.es<\/a>. Si consideras que tus derechos no han sido atendidos correctamente, tienes derecho a presentar una reclamaci\u00f3n ante la Agencia Espa\u00f1ola de Protecci\u00f3n de Datos (<a class=\"decorated-link cursor-pointer\" target=\"_new\" rel=\"noopener\" data-start=\"4790\" data-end=\"4801\">www.aepd.es<\/a>).<\/p>\n<\/li>\n<\/ul>\t\t\t\t\t\t\t\t<\/div>\n\t\t\t\t\t<\/div>\n\t\t\t\t<\/div>\n\t\t\t\t<\/div>\n\t\t","protected":false},"excerpt":{"rendered":"<p>Pol\u00edtica de Cookies Responsable del sitio webEl sitio web giraot2025.com (en adelante \u201cel Sitio Web\u201d) es titularidad de Proactiv S.L., con CIF B59343673 y domicilio social en Carrer Aribau 170, 08036 Barcelona (Espa\u00f1a). Correo electr\u00f3nico: entradas@proactiv.es. Tel\u00e9fono: 933 184 969. 1. Introducci\u00f3n Conforme a lo dispuesto en el art\u00edculo 22.2 de la Ley 34\/2002, de [&hellip;]<\/p>\n","protected":false},"author":1,"featured_media":0,"parent":0,"menu_order":0,"comment_status":"closed","ping_status":"closed","template":"elementor_canvas","meta":{"footnotes":""},"class_list":["post-159","page","type-page","status-publish","hentry"],"_links":{"self":[{"href":"https:\/\/giraot2025.com\/index.php\/wp-json\/wp\/v2\/pages\/159","targetHints":{"allow":["GET"]}}],"collection":[{"href":"https:\/\/giraot2025.com\/index.php\/wp-json\/wp\/v2\/pages"}],"about":[{"href":"https:\/\/giraot2025.com\/index.php\/wp-json\/wp\/v2\/types\/page"}],"author":[{"embeddable":true,"href":"https:\/\/giraot2025.com\/index.php\/wp-json\/wp\/v2\/users\/1"}],"replies":[{"embeddable":true,"href":"https:\/\/giraot2025.com\/index.php\/wp-json\/wp\/v2\/comments?post=159"}],"version-history":[{"count":19,"href":"https:\/\/giraot2025.com\/index.php\/wp-json\/wp\/v2\/pages\/159\/revisions"}],"predecessor-version":[{"id":227,"href":"https:\/\/giraot2025.com\/index.php\/wp-json\/wp\/v2\/pages\/159\/revisions\/227"}],"wp:attachment":[{"href":"https:\/\/giraot2025.com\/index.php\/wp-json\/wp\/v2\/media?parent=159"}],"curies":[{"name":"wp","href":"https:\/\/api.w.org\/{rel}","templated":true}]}}