{"id":182,"date":"2025-10-27T11:55:22","date_gmt":"2025-10-27T11:55:22","guid":{"rendered":"https:\/\/giraot2025.com\/?page_id=182"},"modified":"2025-10-27T12:24:19","modified_gmt":"2025-10-27T12:24:19","slug":"politica-de-privacidad","status":"publish","type":"page","link":"https:\/\/giraot2025.com\/index.php\/politica-de-privacidad\/","title":{"rendered":"Pol\u00edtica de Privacidad"},"content":{"rendered":"\t\t<div data-elementor-type=\"wp-page\" data-elementor-id=\"182\" class=\"elementor elementor-182\" data-elementor-post-type=\"page\">\n\t\t\t\t<div class=\"elementor-element elementor-element-49c7866 e-flex e-con-boxed e-con e-parent\" data-id=\"49c7866\" data-element_type=\"container\" data-settings=\"{&quot;background_background&quot;:&quot;classic&quot;}\">\n\t\t\t\t\t<div class=\"e-con-inner\">\n\t\t\t\t<div class=\"elementor-element elementor-element-295a277 elementor-widget__width-initial elementor-widget-mobile__width-initial elementor-widget elementor-widget-image\" data-id=\"295a277\" data-element_type=\"widget\" data-widget_type=\"image.default\">\n\t\t\t\t\t\t\t\t\t\t\t\t\t\t\t\t<a href=\"https:\/\/giraot2025.com\">\n\t\t\t\t\t\t\t<img fetchpriority=\"high\" decoding=\"async\" width=\"735\" height=\"790\" src=\"https:\/\/giraot2025.com\/wp-content\/uploads\/2025\/10\/Logo-OT-2025-1.png\" class=\"attachment-large size-large wp-image-31\" alt=\"\" srcset=\"https:\/\/giraot2025.com\/wp-content\/uploads\/2025\/10\/Logo-OT-2025-1.png 735w, https:\/\/giraot2025.com\/wp-content\/uploads\/2025\/10\/Logo-OT-2025-1-279x300.png 279w\" sizes=\"(max-width: 735px) 100vw, 735px\" \/>\t\t\t\t\t\t\t\t<\/a>\n\t\t\t\t\t\t\t\t\t\t\t\t\t\t\t<\/div>\n\t\t\t\t<div class=\"elementor-element elementor-element-57350f9 elementor-widget elementor-widget-heading\" data-id=\"57350f9\" data-element_type=\"widget\" data-widget_type=\"heading.default\">\n\t\t\t\t\t<h1 class=\"elementor-heading-title elementor-size-default\">Pol\u00edtica de Privacidad<\/h1>\t\t\t\t<\/div>\n\t\t\t\t<div class=\"elementor-element elementor-element-abfa9be elementor-widget__width-initial elementor-widget-mobile__width-initial elementor-widget elementor-widget-text-editor\" data-id=\"abfa9be\" data-element_type=\"widget\" data-widget_type=\"text-editor.default\">\n\t\t\t\t\t\t\t\t\t<p data-start=\"204\" data-end=\"554\"><strong data-start=\"204\" data-end=\"257\">1. Identificaci\u00f3n del responsable del tratamiento<\/strong><br data-start=\"257\" data-end=\"260\" \/>En cumplimiento del Reglamento (UE) 2016\/679 (RGPD) y de la Ley Org\u00e1nica 3\/2018, de 5 de diciembre (LOPDGDD), se informa que los datos personales facilitados a trav\u00e9s del sitio web <strong data-start=\"441\" data-end=\"459\">giraot2025.com<\/strong> (en adelante, \u201cel Sitio Web\u201d) ser\u00e1n tratados bajo la responsabilidad de:<br data-start=\"532\" data-end=\"535\" \/><strong data-start=\"535\" data-end=\"552\">PROACTIV S.L.<\/strong><\/p><ul data-start=\"555\" data-end=\"708\"><li data-start=\"555\" data-end=\"573\"><p data-start=\"557\" data-end=\"573\">CIF: B59343673<\/p><\/li><li data-start=\"574\" data-end=\"639\"><p data-start=\"576\" data-end=\"639\">Domicilio social: Carrer Aribau 170, 08036 Barcelona (Espa\u00f1a)<\/p><\/li><li data-start=\"640\" data-end=\"665\"><p data-start=\"642\" data-end=\"665\">Tel\u00e9fono: 933 184 969<\/p><\/li><li data-start=\"666\" data-end=\"708\"><p data-start=\"668\" data-end=\"708\">Correo electr\u00f3nico: <a class=\"decorated-link cursor-pointer\" rel=\"noopener\" data-start=\"688\" data-end=\"708\">entradas@proactiv.es<\/a><\/p><\/li><\/ul><p data-start=\"710\" data-end=\"905\"><strong data-start=\"710\" data-end=\"785\">\u00a0<\/strong><\/p><p data-start=\"710\" data-end=\"905\"><strong data-start=\"710\" data-end=\"785\">2. Finalidades del tratamiento y cesi\u00f3n de datos para fines comerciales<\/strong><br data-start=\"785\" data-end=\"788\" \/>Los datos personales que el usuario facilite a trav\u00e9s del Sitio Web ser\u00e1n tratados para las siguientes finalidades:<\/p><ul data-start=\"906\" data-end=\"1542\"><li data-start=\"906\" data-end=\"992\"><p data-start=\"908\" data-end=\"992\">Gestionar las solicitudes, consultas o comunicaciones realizadas por los usuarios.<\/p><\/li><li data-start=\"993\" data-end=\"1107\"><p data-start=\"995\" data-end=\"1107\">Facilitar informaci\u00f3n relacionada con el evento \u201cGira OT 2025\u201d y otros servicios organizados por PROACTIV S.L.<\/p><\/li><li data-start=\"1108\" data-end=\"1328\"><p data-start=\"1110\" data-end=\"1328\">En su caso, y <strong data-start=\"1124\" data-end=\"1169\">salvo indicaci\u00f3n en contrario del usuario<\/strong>, llevar a cabo env\u00edos de comunicaciones comerciales por medios electr\u00f3nicos, relativas a actividades, espect\u00e1culos, promociones o servicios de PROACTIV S.L.<\/p><\/li><li data-start=\"1329\" data-end=\"1542\"><p data-start=\"1331\" data-end=\"1542\">Los datos podr\u00e1n <strong data-start=\"1348\" data-end=\"1406\">cederse a empresas colaboradoras o entidades asociadas<\/strong> con PROACTIV S.L., siempre que tengan relaci\u00f3n con los fines establecidos y con el cumplimiento de la normativa de protecci\u00f3n de datos.<\/p><\/li><\/ul><p data-start=\"1544\" data-end=\"1634\"><strong data-start=\"1544\" data-end=\"1579\">\u00a0<\/strong><\/p><p data-start=\"1544\" data-end=\"1634\"><strong data-start=\"1544\" data-end=\"1579\">3. Legitimaci\u00f3n del tratamiento<\/strong><br data-start=\"1579\" data-end=\"1582\" \/>El tratamiento de los datos personales se basa en:<\/p><ul data-start=\"1635\" data-end=\"1913\"><li data-start=\"1635\" data-end=\"1776\"><p data-start=\"1637\" data-end=\"1776\">El <strong data-start=\"1640\" data-end=\"1700\">consentimiento libre, espec\u00edfico, informado e inequ\u00edvoco<\/strong> del usuario al marcar la casilla correspondiente o aceptar esta pol\u00edtica.<\/p><\/li><li data-start=\"1777\" data-end=\"1913\"><p data-start=\"1779\" data-end=\"1913\">El <strong data-start=\"1782\" data-end=\"1802\">inter\u00e9s leg\u00edtimo<\/strong> de PROACTIV S.L. para gestionar su relaci\u00f3n con los interesados, as\u00ed como promocionar sus actividades propias.<\/p><\/li><\/ul><p data-start=\"1915\" data-end=\"2219\"><strong data-start=\"1915\" data-end=\"1947\">\u00a0<\/strong><\/p><p data-start=\"1915\" data-end=\"2219\"><strong data-start=\"1915\" data-end=\"1947\">4. Conservaci\u00f3n de los datos<\/strong><br data-start=\"1947\" data-end=\"1950\" \/>Los datos personales se conservar\u00e1n mientras se mantenga la finalidad para la que fueron recabados o hasta que el interesado solicite su supresi\u00f3n. En el caso de suscripciones con finalidad comercial, se conservar\u00e1n hasta que el usuario ejerza su derecho de revocaci\u00f3n.<\/p><p data-start=\"2221\" data-end=\"2320\"><strong data-start=\"2221\" data-end=\"2252\">\u00a0<\/strong><\/p><p data-start=\"2221\" data-end=\"2320\"><strong data-start=\"2221\" data-end=\"2252\">5. Derechos de los usuarios<\/strong><br data-start=\"2252\" data-end=\"2255\" \/>Los usuarios tienen los derechos que a continuaci\u00f3n se indican:<\/p><ul data-start=\"2321\" data-end=\"3228\"><li data-start=\"2321\" data-end=\"2380\"><p data-start=\"2323\" data-end=\"2380\">Acceso: conocer qu\u00e9 datos personales se est\u00e1n tratando.<\/p><\/li><li data-start=\"2381\" data-end=\"2457\"><p data-start=\"2383\" data-end=\"2457\">Rectificaci\u00f3n: solicitar la correcci\u00f3n de datos inexactos o incompletos.<\/p><\/li><li data-start=\"2458\" data-end=\"2579\"><p data-start=\"2460\" data-end=\"2579\">Supresi\u00f3n: que los datos sean eliminados cuando ya no sean necesarios para la finalidad para la que fueron recabados.<\/p><\/li><li data-start=\"2580\" data-end=\"2703\"><p data-start=\"2582\" data-end=\"2703\">Oposici\u00f3n: oponerse al tratamiento de los datos cuando su uso sea para fines comerciales o basados en inter\u00e9s leg\u00edtimo.<\/p><\/li><li data-start=\"2704\" data-end=\"2775\"><p data-start=\"2706\" data-end=\"2775\">Limitaci\u00f3n: solicitar que se restrinja el tratamiento de sus datos.<\/p><\/li><li data-start=\"2776\" data-end=\"3228\"><p data-start=\"2778\" data-end=\"3228\">Portabilidad: recibir en un formato estructurado y de uso com\u00fan los datos que haya facilitado y transmitirlos a otro responsable.<br data-start=\"2907\" data-end=\"2910\" \/>Para ejercer dichos derechos, el usuario podr\u00e1 enviar una solicitud escrita a <a class=\"decorated-link cursor-pointer\" rel=\"noopener\" data-start=\"2988\" data-end=\"3008\">entradas@proactiv.es<\/a> (adjuntando copia del DNI u otro documento identificativo). El usuario tambi\u00e9n tiene derecho a presentar una reclamaci\u00f3n ante la Agencia Espa\u00f1ola de Protecci\u00f3n de Datos si considera que sus derechos han sido vulnerados.<\/p><\/li><\/ul><p data-start=\"3230\" data-end=\"3470\"><strong data-start=\"3230\" data-end=\"3259\">\u00a0<\/strong><\/p><p data-start=\"3230\" data-end=\"3470\"><strong data-start=\"3230\" data-end=\"3259\">6. Seguridad de los datos<\/strong><br data-start=\"3259\" data-end=\"3262\" \/>PROACTIV S.L. aplica las medidas t\u00e9cnicas y organizativas necesarias para garantizar un nivel de seguridad adecuado, de forma que se evite la p\u00e9rdida, alteraci\u00f3n o acceso no autorizado a los datos personales.<\/p><p data-start=\"3472\" data-end=\"3786\"><strong data-start=\"3472\" data-end=\"3500\">\u00a0<\/strong><\/p><p data-start=\"3472\" data-end=\"3786\"><strong data-start=\"3472\" data-end=\"3500\">7. Perfilado y marketing<\/strong><br data-start=\"3500\" data-end=\"3503\" \/>En el caso de que el usuario haya consentido previamente, sus datos podr\u00e1n ser utilizados para realizar an\u00e1lisis de comportamiento, segmentaci\u00f3n comercial, elaboraci\u00f3n de perfiles y env\u00edo de publicidad personalizada. El usuario podr\u00e1 revocar este consentimiento en cualquier momento.<\/p><p data-start=\"3788\" data-end=\"4101\"><strong data-start=\"3788\" data-end=\"3823\">\u00a0<\/strong><\/p><p data-start=\"3788\" data-end=\"4101\"><strong data-start=\"3788\" data-end=\"3823\">8. Enlaces a sitios de terceros<\/strong><br data-start=\"3823\" data-end=\"3826\" \/>El Sitio Web puede contener enlaces hacia otras p\u00e1ginas o plataformas externas para la compra de entradas o informaci\u00f3n adicional, cuya pol\u00edtica de privacidad est\u00e1 fuera del control de PROACTIV S.L. Se recomienda al usuario revisar las pol\u00edticas de privacidad de esos sitios.<\/p><p data-start=\"4103\" data-end=\"4400\"><strong data-start=\"4103\" data-end=\"4139\">\u00a0<\/strong><\/p><p data-start=\"4103\" data-end=\"4400\"><strong data-start=\"4103\" data-end=\"4139\">9. Modificaciones de la pol\u00edtica<\/strong><br data-start=\"4139\" data-end=\"4142\" \/>PROACTIV S.L. se reserva el derecho a modificar la presente Pol\u00edtica de Privacidad para adaptarla a novedades legislativas, jurisprudenciales o de producto\/servicio. Las modificaciones se publicar\u00e1n en esta misma p\u00e1gina y ser\u00e1n vigentes desde su publicaci\u00f3n.<\/p><p><strong>\u00a0<\/strong><\/p><p><strong>10. Publicidad<\/strong><\/p><p>PROACTIV SL utilizar\u00e1 la Red Social para publicitar sus productos y servicios, en todo caso, si decide tratar sus datos de contacto para realizar acciones directas de prospecci\u00f3n comercial, ser\u00e1 siempre, cumpliendo con las exigencias legales del RGPD y de la LSSICE.<\/p><p>No se considerar\u00e1 publicidad el hecho de recomendar a otros usuarios la p\u00e1gina de PROACTIV SL para que tambi\u00e9n ellos puedan disfrutar de las promociones o estar informados de su actividad.<\/p><p>A continuaci\u00f3n, detallamos el enlace a la pol\u00edtica de privacidad de la Red Social:<\/p><ul class=\"wp-block-list\"><li><strong>Facebook:<\/strong>\u00a0https:\/\/www.facebook.com\/help\/323540651073243\/<\/li><li><strong>X:<\/strong>\u00a0https:\/\/x.com\/privacy<\/li><li><strong>Instagram:<\/strong>\u00a0http:\/\/instagram.com\/about\/legal\/privacy\/<\/li><li><strong>YouTube:<\/strong>\u00a0https:\/\/www.youtube.com\/intl\/es\/about\/policies\/#community-guidelines<\/li><li><b>TikTok: <\/b>https:\/\/www.tiktok.com\/legal\/page\/eea\/privacy-policy\/es<\/li><\/ul>\t\t\t\t\t\t\t\t<\/div>\n\t\t\t\t\t<\/div>\n\t\t\t\t<\/div>\n\t\t\t\t<\/div>\n\t\t","protected":false},"excerpt":{"rendered":"<p>Pol\u00edtica de Privacidad 1. Identificaci\u00f3n del responsable del tratamientoEn cumplimiento del Reglamento (UE) 2016\/679 (RGPD) y de la Ley Org\u00e1nica 3\/2018, de 5 de diciembre (LOPDGDD), se informa que los datos personales facilitados a trav\u00e9s del sitio web giraot2025.com (en adelante, \u201cel Sitio Web\u201d) ser\u00e1n tratados bajo la responsabilidad de:PROACTIV S.L. CIF: B59343673 Domicilio social: [&hellip;]<\/p>\n","protected":false},"author":1,"featured_media":0,"parent":0,"menu_order":0,"comment_status":"closed","ping_status":"closed","template":"elementor_canvas","meta":{"footnotes":""},"class_list":["post-182","page","type-page","status-publish","hentry"],"_links":{"self":[{"href":"https:\/\/giraot2025.com\/index.php\/wp-json\/wp\/v2\/pages\/182","targetHints":{"allow":["GET"]}}],"collection":[{"href":"https:\/\/giraot2025.com\/index.php\/wp-json\/wp\/v2\/pages"}],"about":[{"href":"https:\/\/giraot2025.com\/index.php\/wp-json\/wp\/v2\/types\/page"}],"author":[{"embeddable":true,"href":"https:\/\/giraot2025.com\/index.php\/wp-json\/wp\/v2\/users\/1"}],"replies":[{"embeddable":true,"href":"https:\/\/giraot2025.com\/index.php\/wp-json\/wp\/v2\/comments?post=182"}],"version-history":[{"count":19,"href":"https:\/\/giraot2025.com\/index.php\/wp-json\/wp\/v2\/pages\/182\/revisions"}],"predecessor-version":[{"id":230,"href":"https:\/\/giraot2025.com\/index.php\/wp-json\/wp\/v2\/pages\/182\/revisions\/230"}],"wp:attachment":[{"href":"https:\/\/giraot2025.com\/index.php\/wp-json\/wp\/v2\/media?parent=182"}],"curies":[{"name":"wp","href":"https:\/\/api.w.org\/{rel}","templated":true}]}}